{"id":2193,"date":"2016-07-01T16:36:57","date_gmt":"2016-07-01T15:36:57","guid":{"rendered":"http:\/\/sodauto-martinique.fr\/honda\/?page_id=2193"},"modified":"2024-12-30T20:55:54","modified_gmt":"2024-12-30T19:55:54","slug":"reservez-essai","status":"publish","type":"page","link":"https:\/\/sodauto-martinique.fr\/honda\/reservez-essai\/","title":{"rendered":"R\u00e9servez un essai"},"content":{"rendered":"<div class=\"wpb-content-wrapper\"><p>[vc_row][vc_column width=\u00a0\u00bb1\/4&Prime; css=\u00a0\u00bb.vc_custom_1467389849094{padding-left: 0px !important;}\u00a0\u00bb][\/vc_column][vc_column width=\u00a0\u00bb1\/2&Prime;][vc_column_text css=\u00a0\u00bb\u00a0\u00bb]<div id=\"quform-ec8b76\" class=\"quform quform-3 quform-support-page-caching\"><form id=\"quform-form-ec8b76\" class=\"quform-form quform-form-3\" action=\"\/honda\/wp-json\/wp\/v2\/pages\/2193#quform-ec8b76\" method=\"post\" enctype=\"multipart\/form-data\" novalidate=\"novalidate\" data-options=\"{&quot;id&quot;:3,&quot;uniqueId&quot;:&quot;ec8b76&quot;,&quot;theme&quot;:&quot;&quot;,&quot;ajax&quot;:true,&quot;logic&quot;:{&quot;logic&quot;:[],&quot;dependents&quot;:[],&quot;elementIds&quot;:[],&quot;dependentElementIds&quot;:[],&quot;animate&quot;:true},&quot;currentPageId&quot;:1,&quot;errorsIcon&quot;:&quot;&quot;,&quot;updateFancybox&quot;:true,&quot;hasPages&quot;:false,&quot;pages&quot;:[1],&quot;pageProgressType&quot;:&quot;numbers&quot;,&quot;tooltipsEnabled&quot;:true,&quot;tooltipClasses&quot;:&quot;qtip-quform-dark qtip-shadow&quot;,&quot;tooltipMy&quot;:&quot;left center&quot;,&quot;tooltipAt&quot;:&quot;right center&quot;,&quot;isRtl&quot;:false,&quot;scrollOffset&quot;:-50,&quot;scrollSpeed&quot;:800}\"><button class=\"quform-default-submit\" name=\"quform_submit\" type=\"submit\" value=\"submit\" aria-hidden=\"true\" tabindex=\"-1\"><\/button><div class=\"quform-form-inner quform-form-inner-3\"><input type=\"hidden\" name=\"quform_form_id\" value=\"3\" \/><input type=\"hidden\" name=\"quform_form_uid\" value=\"ec8b76\" \/><input type=\"hidden\" name=\"quform_count\" value=\"1\" \/><input type=\"hidden\" name=\"form_url\" value=\"https:\/\/sodauto-martinique.fr\/honda\/wp-json\/wp\/v2\/pages\/2193\" \/><input type=\"hidden\" name=\"referring_url\" value=\"\" \/><input type=\"hidden\" name=\"post_id\" value=\"\" \/><input type=\"hidden\" name=\"post_title\" value=\"\" \/><input type=\"hidden\" name=\"quform_current_page_id\" value=\"1\" \/><input type=\"hidden\" name=\"quform_csrf_token\" value=\"MKuP4jeWSpl1ediqirHGbOyhB8JR3A31zQ8VYOI5\" \/><div class=\"quform-elements quform-elements-3 quform-cf quform-responsive-elements-phone-landscape\"><div class=\"quform-element quform-element-page quform-page-1 quform-page-3_1 quform-cf quform-group-style-plain quform-first-page quform-last-page quform-current-page\"><div class=\"quform-child-elements\"><div class=\"quform-element quform-element-select quform-element-3_16 quform-cf quform-element-required\"><div class=\"quform-spacer\"><div class=\"quform-label quform-label-3_16\"><label class=\"quform-label-text\" for=\"quform_3_16_ec8b76\">Mod\u00e8le<span class=\"quform-required\">*<\/span><\/label><\/div><div class=\"quform-inner quform-inner-select quform-inner-3_16\"><div class=\"quform-input quform-input-select quform-input-3_16 quform-cf\"><select id=\"quform_3_16_ec8b76\" name=\"quform_3_16\" class=\"quform-field quform-field-select quform-field-3_16\"><option value=\"\" selected=\"selected\">Veuillez s\u00e9lectionner<\/option><option value=\"Jazz e:HEV\">Jazz e:HEV<\/option><option value=\"HR-V e:HEV\">HR-V e:HEV<\/option><\/select><\/div><\/div><\/div><\/div><div class=\"quform-element quform-element-text quform-element-3_4 quform-cf quform-element-required\"><div class=\"quform-spacer\"><div class=\"quform-label quform-label-3_4\"><label class=\"quform-label-text\" for=\"quform_3_4_ec8b76\">Nom<span class=\"quform-required\">*<\/span><\/label><\/div><div class=\"quform-inner quform-inner-text quform-inner-3_4\"><div class=\"quform-input quform-input-text quform-input-3_4 quform-cf\"><input type=\"text\" id=\"quform_3_4_ec8b76\" name=\"quform_3_4\" class=\"quform-field quform-field-text quform-field-3_4\" \/><\/div><\/div><\/div><\/div><div class=\"quform-element quform-element-text quform-element-3_5 quform-cf quform-element-required\"><div class=\"quform-spacer\"><div class=\"quform-label quform-label-3_5\"><label class=\"quform-label-text\" for=\"quform_3_5_ec8b76\">Pr\u00e9nom<span class=\"quform-required\">*<\/span><\/label><\/div><div class=\"quform-inner quform-inner-text quform-inner-3_5\"><div class=\"quform-input quform-input-text quform-input-3_5 quform-cf\"><input type=\"text\" id=\"quform_3_5_ec8b76\" name=\"quform_3_5\" class=\"quform-field quform-field-text quform-field-3_5\" \/><\/div><\/div><\/div><\/div><div class=\"quform-element quform-element-text quform-element-3_15 quform-cf quform-element-required\"><div class=\"quform-spacer\"><div class=\"quform-label quform-label-3_15\"><label class=\"quform-label-text\" for=\"quform_3_15_ec8b76\">\u00c2ge<span class=\"quform-required\">*<\/span><\/label><\/div><div class=\"quform-inner quform-inner-text quform-inner-3_15\"><div class=\"quform-input quform-input-text quform-input-3_15 quform-cf\"><input type=\"text\" id=\"quform_3_15_ec8b76\" name=\"quform_3_15\" class=\"quform-field quform-field-text quform-field-3_15\" \/><\/div><\/div><\/div><\/div><div class=\"quform-element quform-element-text quform-element-3_6 quform-cf quform-element-required\"><div class=\"quform-spacer\"><div class=\"quform-label quform-label-3_6\"><label class=\"quform-label-text\" for=\"quform_3_6_ec8b76\">Num\u00e9ro de t\u00e9l.<span class=\"quform-required\">*<\/span><\/label><\/div><div class=\"quform-inner quform-inner-text quform-inner-3_6\"><div class=\"quform-input quform-input-text quform-input-3_6 quform-cf\"><input type=\"text\" id=\"quform_3_6_ec8b76\" name=\"quform_3_6\" class=\"quform-field quform-field-text quform-field-3_6\" \/><\/div><\/div><\/div><\/div><div class=\"quform-element quform-element-email quform-element-3_12 quform-cf quform-element-required\"><div class=\"quform-spacer\"><div class=\"quform-label quform-label-3_12\"><label class=\"quform-label-text\" for=\"quform_3_12_ec8b76\">Email<span class=\"quform-required\">*<\/span><\/label><\/div><div class=\"quform-inner quform-inner-email quform-inner-3_12\"><div class=\"quform-input quform-input-email quform-input-3_12 quform-cf\"><input type=\"email\" id=\"quform_3_12_ec8b76\" name=\"quform_3_12\" class=\"quform-field quform-field-email quform-field-3_12\" \/><\/div><\/div><\/div><\/div><div class=\"quform-element quform-element-html quform-element-3_9 quform-cf\"><div class=\"quform-spacer\"><p style=\"color: #000;\"><span style=\"color: #000;\">J'accepte d'\u00eatre contact\u00e9(e) ult\u00e9rieurement par Sodauto par courrier \u00e9lectronique et\/ou par t\u00e9l\u00e9phone, \u00e0 des fins d'enqu\u00eate ou d'information sur les nouveaux produits ainsi que les offres du moment. \u00c0 l'occasion de chaque envoi, j'aurai la possibilit\u00e9 de mettre fin \u00e0 toute communication<\/span><\/p><\/div><\/div><div class=\"quform-element quform-element-radio quform-element-3_10 quform-cf quform-element-required\"><div class=\"quform-spacer\"><div class=\"quform-inner quform-inner-radio quform-inner-3_10\"><div class=\"quform-input quform-input-radio quform-input-3_10 quform-cf\"><div class=\"quform-options quform-cf quform-options-block quform-options-simple\"><div class=\"quform-option\"><input type=\"radio\" name=\"quform_3_10\" id=\"quform_3_10_ec8b76_1\" class=\"quform-field quform-field-radio quform-field-3_10 quform-field-3_10_1\" value=\"Oui\" \/><label for=\"quform_3_10_ec8b76_1\" class=\"quform-option-label quform-option-label-3_10_1\"><span class=\"quform-option-text\">Oui<\/span><\/label><\/div><div class=\"quform-option\"><input type=\"radio\" name=\"quform_3_10\" id=\"quform_3_10_ec8b76_2\" class=\"quform-field quform-field-radio quform-field-3_10 quform-field-3_10_2\" value=\"Non\" \/><label for=\"quform_3_10_ec8b76_2\" class=\"quform-option-label quform-option-label-3_10_2\"><span class=\"quform-option-text\">Non<\/span><\/label><\/div><\/div><\/div><\/div><\/div><\/div><div class=\"quform-element quform-element-submit quform-element-3_2 quform-cf quform-button-style-bootstrap quform-button-size-medium quform-button-width-small\"><div class=\"quform-button-submit quform-button-submit-default quform-button-submit-3_2\"><button name=\"quform_submit\" type=\"submit\" class=\"quform-submit\" value=\"submit\"><span class=\"quform-button-text quform-button-submit-text\">VALIDER<\/span><\/button><\/div><div class=\"quform-loading quform-loading-position-left quform-loading-type-spinner-1\"><div class=\"quform-loading-inner\"><div class=\"quform-loading-spinner\"><div class=\"quform-loading-spinner-inner\"><\/div><\/div><\/div><\/div><\/div><div class=\"quform-element-tree\"><label for=\"quform_3_0_ec8b76\">Ce champ devrait \u00eatre laiss\u00e9 vide<\/label><input type=\"text\" id=\"quform_3_0_ec8b76\" name=\"quform_3_0\" class=\"quform-field quform-field-tree quform-field-3_0\" tabindex=\"-1\" autocomplete=\"off\" \/><\/div><\/div><\/div><\/div><\/div><\/form><\/div>[\/vc_column_text][\/vc_column][vc_column width=\u00a0\u00bb1\/4&Prime;][\/vc_column][\/vc_row][vc_row][vc_column]<div class=\"vntd-carousel-holder\"><div class=\"vntd-portfolio-carousel featured-slider-boxes box-carousel six-items white-hover no-pagination t-center\">\t\t\t\n\t\t\t<!-- Box -->\n\t\t\t<a href=\"https:\/\/sodauto-martinique.fr\/honda\/portfolio\/jazz\/\" class=\"box ex-link\">\n\t\t\t\t<!-- Box Image -->\n\t\t\t\t<div class=\"item_image\">\n\t\t\t\t\t<!-- Image SRC -->\n\t\t\t\t\t<img decoding=\"async\" src=\"https:\/\/sodauto-martinique.fr\/honda\/wp-content\/uploads\/2016\/04\/JAZZ2.jpg\" alt=\"Crexis\" \/>\n\t\t\t\t<\/div>\n\t\t\t\t<!-- Item Texts -->\n\t\t\t\t<div class=\"item_texts\">\n\t\t\t\t\t<!-- Header -->\n\t\t\t\t\t<h2 class=\"light\">Jazz<\/h2>\n\t\t\t\t\t<!-- Description -->\n\t\t\t\t\t<p class=\"light\"><\/p>\n\t\t\t\t<\/div>\n\t\t\t<\/a>\n\t\t\t<!-- End Box -->\n\t\t\t\n\t\t\t\t\t\t\n\t\t\t<!-- Box -->\n\t\t\t<a href=\"https:\/\/sodauto-martinique.fr\/honda\/portfolio\/civic\/\" class=\"box ex-link\">\n\t\t\t\t<!-- Box Image -->\n\t\t\t\t<div class=\"item_image\">\n\t\t\t\t\t<!-- Image SRC -->\n\t\t\t\t\t<img decoding=\"async\" src=\"https:\/\/sodauto-martinique.fr\/honda\/wp-content\/uploads\/2016\/04\/CIVIC.jpg\" alt=\"Crexis\" \/>\n\t\t\t\t<\/div>\n\t\t\t\t<!-- Item Texts -->\n\t\t\t\t<div class=\"item_texts\">\n\t\t\t\t\t<!-- Header -->\n\t\t\t\t\t<h2 class=\"light\">Civic<\/h2>\n\t\t\t\t\t<!-- Description -->\n\t\t\t\t\t<p class=\"light\"><\/p>\n\t\t\t\t<\/div>\n\t\t\t<\/a>\n\t\t\t<!-- End Box -->\n\t\t\t\n\t\t\t\t\t\t\n\t\t\t<!-- Box -->\n\t\t\t<a href=\"https:\/\/sodauto-martinique.fr\/honda\/portfolio\/cr-v\/\" class=\"box ex-link\">\n\t\t\t\t<!-- Box Image -->\n\t\t\t\t<div class=\"item_image\">\n\t\t\t\t\t<!-- Image SRC -->\n\t\t\t\t\t<img decoding=\"async\" src=\"https:\/\/sodauto-martinique.fr\/honda\/wp-content\/uploads\/2016\/01\/CRV.jpg\" alt=\"Crexis\" \/>\n\t\t\t\t<\/div>\n\t\t\t\t<!-- Item Texts -->\n\t\t\t\t<div class=\"item_texts\">\n\t\t\t\t\t<!-- Header -->\n\t\t\t\t\t<h2 class=\"light\">CR-V<\/h2>\n\t\t\t\t\t<!-- Description -->\n\t\t\t\t\t<p class=\"light\"><\/p>\n\t\t\t\t<\/div>\n\t\t\t<\/a>\n\t\t\t<!-- End Box -->\n\t\t\t\n\t\t\t\t\t\t\n\t\t\t<!-- Box -->\n\t\t\t<a href=\"https:\/\/sodauto-martinique.fr\/honda\/portfolio\/hr-v\/\" class=\"box ex-link\">\n\t\t\t\t<!-- Box Image -->\n\t\t\t\t<div class=\"item_image\">\n\t\t\t\t\t<!-- Image SRC -->\n\t\t\t\t\t<img decoding=\"async\" src=\"https:\/\/sodauto-martinique.fr\/honda\/wp-content\/uploads\/2015\/04\/HRV4.jpg\" alt=\"Crexis\" \/>\n\t\t\t\t<\/div>\n\t\t\t\t<!-- Item Texts -->\n\t\t\t\t<div class=\"item_texts\">\n\t\t\t\t\t<!-- Header -->\n\t\t\t\t\t<h2 class=\"light\">HR-V<\/h2>\n\t\t\t\t\t<!-- Description -->\n\t\t\t\t\t<p class=\"light\"><\/p>\n\t\t\t\t<\/div>\n\t\t\t<\/a>\n\t\t\t<!-- End Box -->\n\t\t\t\n\t\t\t<\/div><\/div>[\/vc_column][\/vc_row]<\/p>\n<\/div>","protected":false},"excerpt":{"rendered":"<p>[vc_row][vc_column width=\u00a0\u00bb1\/4&Prime; css=\u00a0\u00bb.vc_custom_1467389849094{padding-left: 0px !important;}\u00a0\u00bb][\/vc_column][vc_column width=\u00a0\u00bb1\/2&Prime;][vc_column_text css=\u00a0\u00bb\u00a0\u00bb][\/vc_column_text][\/vc_column][vc_column width=\u00a0\u00bb1\/4&Prime;][\/vc_column][\/vc_row][vc_row][vc_column][\/vc_column][\/vc_row]<\/p>\n","protected":false},"author":1,"featured_media":0,"parent":0,"menu_order":0,"comment_status":"closed","ping_status":"closed","template":"","meta":{"footnotes":""},"class_list":["post-2193","page","type-page","status-publish","hentry"],"yoast_head":"<!-- This site is optimized with the Yoast SEO plugin v24.1 - https:\/\/yoast.com\/wordpress\/plugins\/seo\/ -->\n<title>R\u00e9servez un essai - HONDA Martinique<\/title>\n<meta name=\"description\" content=\"R\u00c9SERVEZ UN ESSAI HONDA Jazz Civic 5 Civic Type R Civic Type S CR-V HR-V\" \/>\n<meta name=\"robots\" content=\"index, follow, max-snippet:-1, max-image-preview:large, max-video-preview:-1\" \/>\n<link rel=\"canonical\" href=\"https:\/\/sodauto-martinique.fr\/honda\/reservez-essai\/\" \/>\n<meta property=\"og:locale\" content=\"fr_FR\" \/>\n<meta property=\"og:type\" content=\"article\" \/>\n<meta property=\"og:title\" content=\"R\u00e9servez un essai - HONDA Martinique\" \/>\n<meta property=\"og:description\" content=\"R\u00c9SERVEZ UN ESSAI HONDA Jazz Civic 5 Civic Type R Civic Type S CR-V HR-V\" \/>\n<meta property=\"og:url\" content=\"https:\/\/sodauto-martinique.fr\/honda\/reservez-essai\/\" \/>\n<meta property=\"og:site_name\" content=\"HONDA Martinique\" \/>\n<meta property=\"article:modified_time\" content=\"2024-12-30T19:55:54+00:00\" \/>\n<meta name=\"twitter:card\" content=\"summary_large_image\" \/>\n<meta name=\"twitter:label1\" content=\"Dur\u00e9e de lecture estim\u00e9e\" \/>\n\t<meta name=\"twitter:data1\" content=\"1 minute\" \/>\n<script type=\"application\/ld+json\" class=\"yoast-schema-graph\">{\"@context\":\"https:\/\/schema.org\",\"@graph\":[{\"@type\":\"WebPage\",\"@id\":\"https:\/\/sodauto-martinique.fr\/honda\/reservez-essai\/\",\"url\":\"https:\/\/sodauto-martinique.fr\/honda\/reservez-essai\/\",\"name\":\"R\u00e9servez un essai - HONDA Martinique\",\"isPartOf\":{\"@id\":\"https:\/\/sodauto-martinique.fr\/honda\/#website\"},\"datePublished\":\"2016-07-01T15:36:57+00:00\",\"dateModified\":\"2024-12-30T19:55:54+00:00\",\"description\":\"R\u00c9SERVEZ UN ESSAI HONDA Jazz Civic 5 Civic Type R Civic Type S CR-V HR-V\",\"breadcrumb\":{\"@id\":\"https:\/\/sodauto-martinique.fr\/honda\/reservez-essai\/#breadcrumb\"},\"inLanguage\":\"fr-FR\",\"potentialAction\":[{\"@type\":\"ReadAction\",\"target\":[\"https:\/\/sodauto-martinique.fr\/honda\/reservez-essai\/\"]}]},{\"@type\":\"BreadcrumbList\",\"@id\":\"https:\/\/sodauto-martinique.fr\/honda\/reservez-essai\/#breadcrumb\",\"itemListElement\":[{\"@type\":\"ListItem\",\"position\":1,\"name\":\"Accueil\",\"item\":\"https:\/\/sodauto-martinique.fr\/honda\/\"},{\"@type\":\"ListItem\",\"position\":2,\"name\":\"R\u00e9servez un essai\"}]},{\"@type\":\"WebSite\",\"@id\":\"https:\/\/sodauto-martinique.fr\/honda\/#website\",\"url\":\"https:\/\/sodauto-martinique.fr\/honda\/\",\"name\":\"HONDA Martinique\",\"description\":\"Un site utilisant WordPress\",\"potentialAction\":[{\"@type\":\"SearchAction\",\"target\":{\"@type\":\"EntryPoint\",\"urlTemplate\":\"https:\/\/sodauto-martinique.fr\/honda\/?s={search_term_string}\"},\"query-input\":{\"@type\":\"PropertyValueSpecification\",\"valueRequired\":true,\"valueName\":\"search_term_string\"}}],\"inLanguage\":\"fr-FR\"}]}<\/script>\n<!-- \/ Yoast SEO plugin. -->","yoast_head_json":{"title":"R\u00e9servez un essai - HONDA Martinique","description":"R\u00c9SERVEZ UN ESSAI HONDA Jazz Civic 5 Civic Type R Civic Type S CR-V HR-V","robots":{"index":"index","follow":"follow","max-snippet":"max-snippet:-1","max-image-preview":"max-image-preview:large","max-video-preview":"max-video-preview:-1"},"canonical":"https:\/\/sodauto-martinique.fr\/honda\/reservez-essai\/","og_locale":"fr_FR","og_type":"article","og_title":"R\u00e9servez un essai - HONDA Martinique","og_description":"R\u00c9SERVEZ UN ESSAI HONDA Jazz Civic 5 Civic Type R Civic Type S CR-V HR-V","og_url":"https:\/\/sodauto-martinique.fr\/honda\/reservez-essai\/","og_site_name":"HONDA Martinique","article_modified_time":"2024-12-30T19:55:54+00:00","twitter_card":"summary_large_image","twitter_misc":{"Dur\u00e9e de lecture estim\u00e9e":"1 minute"},"schema":{"@context":"https:\/\/schema.org","@graph":[{"@type":"WebPage","@id":"https:\/\/sodauto-martinique.fr\/honda\/reservez-essai\/","url":"https:\/\/sodauto-martinique.fr\/honda\/reservez-essai\/","name":"R\u00e9servez un essai - HONDA Martinique","isPartOf":{"@id":"https:\/\/sodauto-martinique.fr\/honda\/#website"},"datePublished":"2016-07-01T15:36:57+00:00","dateModified":"2024-12-30T19:55:54+00:00","description":"R\u00c9SERVEZ UN ESSAI HONDA Jazz Civic 5 Civic Type R Civic Type S CR-V HR-V","breadcrumb":{"@id":"https:\/\/sodauto-martinique.fr\/honda\/reservez-essai\/#breadcrumb"},"inLanguage":"fr-FR","potentialAction":[{"@type":"ReadAction","target":["https:\/\/sodauto-martinique.fr\/honda\/reservez-essai\/"]}]},{"@type":"BreadcrumbList","@id":"https:\/\/sodauto-martinique.fr\/honda\/reservez-essai\/#breadcrumb","itemListElement":[{"@type":"ListItem","position":1,"name":"Accueil","item":"https:\/\/sodauto-martinique.fr\/honda\/"},{"@type":"ListItem","position":2,"name":"R\u00e9servez un essai"}]},{"@type":"WebSite","@id":"https:\/\/sodauto-martinique.fr\/honda\/#website","url":"https:\/\/sodauto-martinique.fr\/honda\/","name":"HONDA Martinique","description":"Un site utilisant WordPress","potentialAction":[{"@type":"SearchAction","target":{"@type":"EntryPoint","urlTemplate":"https:\/\/sodauto-martinique.fr\/honda\/?s={search_term_string}"},"query-input":{"@type":"PropertyValueSpecification","valueRequired":true,"valueName":"search_term_string"}}],"inLanguage":"fr-FR"}]}},"_links":{"self":[{"href":"https:\/\/sodauto-martinique.fr\/honda\/wp-json\/wp\/v2\/pages\/2193","targetHints":{"allow":["GET"]}}],"collection":[{"href":"https:\/\/sodauto-martinique.fr\/honda\/wp-json\/wp\/v2\/pages"}],"about":[{"href":"https:\/\/sodauto-martinique.fr\/honda\/wp-json\/wp\/v2\/types\/page"}],"author":[{"embeddable":true,"href":"https:\/\/sodauto-martinique.fr\/honda\/wp-json\/wp\/v2\/users\/1"}],"replies":[{"embeddable":true,"href":"https:\/\/sodauto-martinique.fr\/honda\/wp-json\/wp\/v2\/comments?post=2193"}],"version-history":[{"count":17,"href":"https:\/\/sodauto-martinique.fr\/honda\/wp-json\/wp\/v2\/pages\/2193\/revisions"}],"predecessor-version":[{"id":38793,"href":"https:\/\/sodauto-martinique.fr\/honda\/wp-json\/wp\/v2\/pages\/2193\/revisions\/38793"}],"wp:attachment":[{"href":"https:\/\/sodauto-martinique.fr\/honda\/wp-json\/wp\/v2\/media?parent=2193"}],"curies":[{"name":"wp","href":"https:\/\/api.w.org\/{rel}","templated":true}]}}